{"id":2032,"date":"2020-04-16T21:03:03","date_gmt":"2020-04-16T20:03:03","guid":{"rendered":"https:\/\/denisbarrett.com\/?page_id=2032"},"modified":"2020-12-19T19:57:03","modified_gmt":"2020-12-19T19:57:03","slug":"machinery-auctions","status":"publish","type":"page","link":"https:\/\/denisbarrett.com\/de\/machinery-auctions\/","title":{"rendered":"Maschinenauktionen"},"content":{"rendered":"<p>Denis A. Barrett Auctions sind spezialisierte Auktionatoren mit einer reichen Geschichte in der Durchf\u00fchrung von Auktionen. In fast zwei Jahrzehnten haben wir mit Menschen auf der ganzen Welt zusammengearbeitet, um ihnen zu helfen, den besten Preis f\u00fcr alles zu erzielen, von ihrem Vieh bis zu ihrem Zuhause.<\/p>\n\n\n\n<figure class=\"wp-block-image size-full\"><img loading=\"lazy\" decoding=\"async\" width=\"960\" height=\"636\" src=\"https:\/\/denisbarrett.com\/wp-content\/uploads\/2020\/04\/IMG_4621.jpg\" alt=\"\" class=\"wp-image-2194\" srcset=\"https:\/\/denisbarrett.com\/wp-content\/uploads\/2020\/04\/IMG_4621.jpg 960w, https:\/\/denisbarrett.com\/wp-content\/uploads\/2020\/04\/IMG_4621-300x199.jpg 300w, https:\/\/denisbarrett.com\/wp-content\/uploads\/2020\/04\/IMG_4621-768x509.jpg 768w\" sizes=\"(max-width: 960px) 100vw, 960px\" \/><\/figure>\n\n\n\n<p>Denis Barrett, der Gr\u00fcnder des Unternehmens, ist weltweit anerkannt und mit der Durchf\u00fchrung \u00f6ffentlicher Auktionen bei Euro Auctions in Europa und im Nahen Osten sowie bei UAI Auctioneers Inc. in Subic Bay auf den Philippinen beauftragt. Er ist Hauptauktion\u00e4r f\u00fcr KCA-Auktionen in Kuwait . Denis ist ein preisgekr\u00f6nter Hauptauktion\u00e4r, der st\u00e4ndig als \u201elebendiger Meisterauktion\u00e4r\u201c bezeichnet wird.<\/p>\n\n\n\n<figure class=\"wp-block-image size-large\"><img loading=\"lazy\" decoding=\"async\" width=\"1024\" height=\"567\" src=\"https:\/\/denisbarrett.com\/wp-content\/uploads\/2020\/04\/IMG_4594-1024x567.jpg\" alt=\"\" class=\"wp-image-2195\" srcset=\"https:\/\/denisbarrett.com\/wp-content\/uploads\/2020\/04\/IMG_4594-1024x567.jpg 1024w, https:\/\/denisbarrett.com\/wp-content\/uploads\/2020\/04\/IMG_4594-300x166.jpg 300w, https:\/\/denisbarrett.com\/wp-content\/uploads\/2020\/04\/IMG_4594-768x425.jpg 768w, https:\/\/denisbarrett.com\/wp-content\/uploads\/2020\/04\/IMG_4594.jpg 1242w\" sizes=\"(max-width: 1024px) 100vw, 1024px\" \/><\/figure>\n\n\n\n<p>W\u00e4hrend wir mit Landwirten und Landbesitzern in unseren anderen Abteilungen zusammenarbeiten, f\u00fchren wir regelm\u00e4\u00dfige Maschinenauktionen durch, indem wir die R\u00e4umlichkeiten eines pensionierten Maschinenh\u00e4ndlers nutzen. Unser Ruf vor Ort hat uns auch das Vertrauen lokaler Landbesitzer eingebracht, Verk\u00e4ufe auf ihrem Land durchzuf\u00fchren, einschlie\u00dflich Verk\u00e4ufe von Streuung, Verkauf von stehendem Stroh, Gras und Silage.<\/p>\n\n\n\n<div class=\"wp-block-columns is-layout-flex wp-container-core-columns-is-layout-9d6595d7 wp-block-columns-is-layout-flex\">\n<div class=\"wp-block-column is-layout-flow wp-block-column-is-layout-flow\">\n<div class=\"wp-block-image\"><figure class=\"aligncenter size-medium\"><img loading=\"lazy\" decoding=\"async\" width=\"300\" height=\"225\" src=\"https:\/\/denisbarrett.com\/wp-content\/uploads\/2020\/04\/IMG_3685-300x225.jpg\" alt=\"\" class=\"wp-image-2192\" srcset=\"https:\/\/denisbarrett.com\/wp-content\/uploads\/2020\/04\/IMG_3685-300x225.jpg 300w, https:\/\/denisbarrett.com\/wp-content\/uploads\/2020\/04\/IMG_3685-1024x768.jpg 1024w, https:\/\/denisbarrett.com\/wp-content\/uploads\/2020\/04\/IMG_3685-768x576.jpg 768w, https:\/\/denisbarrett.com\/wp-content\/uploads\/2020\/04\/IMG_3685.jpg 1280w\" sizes=\"(max-width: 300px) 100vw, 300px\" \/><\/figure><\/div>\n<\/div>\n\n\n\n<div class=\"wp-block-column is-layout-flow wp-block-column-is-layout-flow\">\n<div class=\"wp-block-image\"><figure class=\"aligncenter size-medium\"><img loading=\"lazy\" decoding=\"async\" width=\"300\" height=\"225\" src=\"https:\/\/denisbarrett.com\/wp-content\/uploads\/2020\/04\/c9555383-27e4-462f-8880-8db77690fa89-300x225.jpg\" alt=\"\" class=\"wp-image-2193\" srcset=\"https:\/\/denisbarrett.com\/wp-content\/uploads\/2020\/04\/c9555383-27e4-462f-8880-8db77690fa89-300x225.jpg 300w, https:\/\/denisbarrett.com\/wp-content\/uploads\/2020\/04\/c9555383-27e4-462f-8880-8db77690fa89-1024x768.jpg 1024w, https:\/\/denisbarrett.com\/wp-content\/uploads\/2020\/04\/c9555383-27e4-462f-8880-8db77690fa89-768x576.jpg 768w, https:\/\/denisbarrett.com\/wp-content\/uploads\/2020\/04\/c9555383-27e4-462f-8880-8db77690fa89-1536x1152.jpg 1536w, https:\/\/denisbarrett.com\/wp-content\/uploads\/2020\/04\/c9555383-27e4-462f-8880-8db77690fa89.jpg 1600w\" sizes=\"(max-width: 300px) 100vw, 300px\" \/><\/figure><\/div>\n<\/div>\n<\/div>\n\n\n\n<p>Die Denis A. Barrett Auction Group widmet sich dem Kundenservice und der Kundenzufriedenheit. Wir bieten in unseren verschiedenen Gesch\u00e4ftsbereichen ein umfassendes Leistungsspektrum f\u00fcr unsere breite Palette von Kunden.<\/p>\n\n\n\n<div class=\"wp-block-image\"><figure class=\"aligncenter size-large\"><img decoding=\"async\" src=\"https:\/\/denisbarrett.com\/wp-content\/uploads\/2020\/04\/DAB_GENERAL_LOGO-1024x120.png\" alt=\"\" class=\"wp-image-1915\"\/><\/figure><\/div>\n\n\n\n<h3 class=\"has-text-align-center wp-block-heading\"><strong>Kontaktiere uns<\/strong>:<\/h3>\n\n\n\n<p class=\"has-text-align-center\">Rufen Sie an: +353 (0) 86 410 9848<\/p>\n\n\n\n<p class=\"has-text-align-center\">Email:&nbsp;<a href=\"mailto:info@denisbarrett.com\">info@denisbarrett.com<\/a><\/p>\n\n\n\n<p class=\"has-text-align-center\">Sie k\u00f6nnen auch \u00fcber in Kontakt bleiben&nbsp;<a rel=\"noreferrer noopener\" href=\"https:\/\/ie.linkedin.com\/in\/denis-barrett-05675213\" target=\"_blank\">LinkedIn<\/a>,&nbsp;<a rel=\"noreferrer noopener\" href=\"https:\/\/www.facebook.com\/denis.barrett\" target=\"_blank\">Facebook<\/a>&nbsp;und&nbsp;<a rel=\"noreferrer noopener\" href=\"https:\/\/twitter.com\/DenisABarrett\" target=\"_blank\">Twitter.<\/a><\/p>","protected":false},"excerpt":{"rendered":"<p>Denis A. Barrett Auctions are specialist auctioneers with a rich history of conducting auctions. Over almost two decades centuries we have worked with people all over the world to help them realize the best price for everything from their livestock to their home. Denis Barrett the company\u2019s founder is recognized as around the world and [&hellip;]<\/p>\n","protected":false},"author":1,"featured_media":2194,"parent":0,"menu_order":0,"comment_status":"closed","ping_status":"closed","template":"","meta":{"_et_pb_use_builder":"","_et_pb_old_content":"","_et_gb_content_width":"1080","footnotes":""},"class_list":["post-2032","page","type-page","status-publish","has-post-thumbnail","hentry"],"brizy_media":[],"_links":{"self":[{"href":"https:\/\/denisbarrett.com\/de\/wp-json\/wp\/v2\/pages\/2032","targetHints":{"allow":["GET"]}}],"collection":[{"href":"https:\/\/denisbarrett.com\/de\/wp-json\/wp\/v2\/pages"}],"about":[{"href":"https:\/\/denisbarrett.com\/de\/wp-json\/wp\/v2\/types\/page"}],"author":[{"embeddable":true,"href":"https:\/\/denisbarrett.com\/de\/wp-json\/wp\/v2\/users\/1"}],"replies":[{"embeddable":true,"href":"https:\/\/denisbarrett.com\/de\/wp-json\/wp\/v2\/comments?post=2032"}],"version-history":[{"count":6,"href":"https:\/\/denisbarrett.com\/de\/wp-json\/wp\/v2\/pages\/2032\/revisions"}],"predecessor-version":[{"id":2946,"href":"https:\/\/denisbarrett.com\/de\/wp-json\/wp\/v2\/pages\/2032\/revisions\/2946"}],"wp:featuredmedia":[{"embeddable":true,"href":"https:\/\/denisbarrett.com\/de\/wp-json\/wp\/v2\/media\/2194"}],"wp:attachment":[{"href":"https:\/\/denisbarrett.com\/de\/wp-json\/wp\/v2\/media?parent=2032"}],"curies":[{"name":"wp","href":"https:\/\/api.w.org\/{rel}","templated":true}]}}