{"id":2026,"date":"2020-04-16T21:37:12","date_gmt":"2020-04-16T20:37:12","guid":{"rendered":"https:\/\/denisbarrett.com\/?page_id=2026"},"modified":"2021-01-04T10:54:48","modified_gmt":"2021-01-04T10:54:48","slug":"about-our-auction-department","status":"publish","type":"page","link":"https:\/\/denisbarrett.com\/de\/about-our-auction-department\/","title":{"rendered":"\u00dcber DAB-Auktionen"},"content":{"rendered":"<p>Auktionen sind das Herzst\u00fcck von Denis A. Barrett Auctions. Die Firma hat eine unersch\u00fctterliche Leidenschaft f\u00fcr die Marketingmethode der \u00f6ffentlichen Auktion. Unser Team wickelt eine Vielzahl von Auktionen in allen Bereichen unseres Unternehmens ab. Dazu geh\u00f6ren Viehversteigerungen, kollektive Maschinenverk\u00e4ufe, Vor-Ort-Versteigerungen, \u00dcberschussversteigerungen sowie kollektive Eigentums- und Grundst\u00fccksauktionen im In- und Ausland.&nbsp;<\/p>\n\n\n\n<figure class=\"wp-block-image size-full is-resized\"><img loading=\"lazy\" decoding=\"async\" src=\"https:\/\/denisbarrett.com\/wp-content\/uploads\/2020\/04\/auctions.jpg\" alt=\"\" class=\"wp-image-2028\" width=\"676\" height=\"475\"\/><\/figure>\n\n\n\n<p>Die Firma ist fest davon \u00fcberzeugt, dass die \u00f6ffentliche Versteigerung die herausragende Marketingmethode ist, um den wahren Marktwert eines Verm\u00f6genswerts an einem bestimmten Tag zu ermitteln, wenn sie mit sorgf\u00e4ltig geplanten Marketingstrategien abgestimmt ist.<\/p>\n\n\n\n<div class=\"wp-block-group\"><div class=\"wp-block-group__inner-container is-layout-flow wp-block-group-is-layout-flow\">\n<div class=\"wp-block-columns is-layout-flex wp-container-core-columns-is-layout-9d6595d7 wp-block-columns-is-layout-flex\">\n<div class=\"wp-block-column is-layout-flow wp-block-column-is-layout-flow\">\n<div class=\"wp-block-image\"><figure class=\"aligncenter size-large is-resized\"><img loading=\"lazy\" decoding=\"async\" src=\"https:\/\/denisbarrett.com\/wp-content\/uploads\/2020\/04\/auction-calendar.jpg\" alt=\"\" class=\"wp-image-2029\" width=\"375\" height=\"225\" srcset=\"https:\/\/denisbarrett.com\/wp-content\/uploads\/2020\/04\/auction-calendar.jpg 375w, https:\/\/denisbarrett.com\/wp-content\/uploads\/2020\/04\/auction-calendar-300x180.jpg 300w\" sizes=\"(max-width: 375px) 100vw, 375px\" \/><\/figure><\/div>\n\n\n\n<p class=\"has-text-align-center\"><strong>Auktionskalender<\/strong> <\/p>\n<\/div>\n\n\n\n<div class=\"wp-block-column is-layout-flow wp-block-column-is-layout-flow\">\n<div class=\"wp-block-image\"><figure class=\"aligncenter size-large is-resized\"><img loading=\"lazy\" decoding=\"async\" src=\"https:\/\/denisbarrett.com\/wp-content\/uploads\/2020\/04\/Val-1-images.jpeg\" alt=\"\" class=\"wp-image-2030\" width=\"375\" height=\"225\"\/><\/figure><\/div>\n\n\n\n<p class=\"has-text-align-center\"><strong>Fordern Sie eine Bewertung an<\/strong><\/p>\n<\/div>\n<\/div>\n<\/div><\/div>\n\n\n\n<p>Wir f\u00fchren regelm\u00e4\u00dfig folgende Arten von Auktionen durch:<\/p>\n\n\n\n<p><a href=\"https:\/\/denisbarrett.com\/de\/divisions\/dab-agri-com\/\">Vieh<\/a><\/p>\n\n\n\n<p><a href=\"https:\/\/denisbarrett.com\/de\/machinery-auctions\/\">Maschinen<\/a><\/p>\n\n\n\n<p><a href=\"https:\/\/denisbarrett.com\/de\/strategic-restructuring\/\">\u00dcbersch\u00fcssiger Bestand<\/a><\/p>\n\n\n\n<p><a href=\"https:\/\/denisbarrett.com\/de\/property-auctions\/\">Grundst\u00fccke, Gewerbe- und Wohnimmobilien<\/a><\/p>\n\n\n\n<p>Innerhalb jeder dieser Auktionsarten gibt es eine Reihe unterschiedlicher Unterkategorien, die das ganze Jahr \u00fcber im Mittelpunkt einzelner Auktionen stehen.<\/p>\n\n\n\n<figure class=\"wp-block-image size-large\"><img loading=\"lazy\" decoding=\"async\" width=\"1024\" height=\"681\" src=\"https:\/\/denisbarrett.com\/wp-content\/uploads\/2020\/04\/delicia-benefits-1024x681-1.jpg\" alt=\"Text Box: Picture 18\" class=\"wp-image-2041\" srcset=\"https:\/\/denisbarrett.com\/wp-content\/uploads\/2020\/04\/delicia-benefits-1024x681-1.jpg 1024w, https:\/\/denisbarrett.com\/wp-content\/uploads\/2020\/04\/delicia-benefits-1024x681-1-300x200.jpg 300w, https:\/\/denisbarrett.com\/wp-content\/uploads\/2020\/04\/delicia-benefits-1024x681-1-768x511.jpg 768w\" sizes=\"(max-width: 1024px) 100vw, 1024px\" \/><\/figure>\n\n\n\n<p>Unser Expertenteam verf\u00fcgt \u00fcber das Wissen und die Erfahrung, um Ihre Artikel vor den am besten geeigneten potenziellen K\u00e4ufern zu platzieren und Ihnen dabei zu helfen, den bestm\u00f6glichen Verkaufspreis zu erzielen.<\/p>\n\n\n\n<p>Das Team von Denis A. Barrett Auctions besteht aus Branchenexperten mit einem guten Ruf f\u00fcr Professionalit\u00e4t. Jedes Mitglied unseres Teams hat eine echte Leidenschaft daf\u00fcr, die besten Ergebnisse f\u00fcr unsere Kunden zu erzielen. Unser Team ist perfekt positioniert, um Ihre spezifischen Bed\u00fcrfnisse zu verstehen und darauf zu reagieren und Ihnen einen ma\u00dfgeschneiderten und pers\u00f6nlichen Service zu bieten.<\/p>\n\n\n\n<p>Wir arbeiten sehr eng mit Marketing-Spezialisten zusammen, die unsere Marketingstrategien und taktischen Pl\u00e4ne f\u00fcr jede Auktion entwickeln, um sicherzustellen, dass wir alle relevanten Kunden erfassen und ansprechen.<\/p>\n\n\n\n<p>Wir verf\u00fcgen \u00fcber ein globales Partnernetzwerk und eine internationale Datenbank mit K\u00e4ufern von liquiden Mitteln f\u00fcr alle Arten von Immobilien oder Verm\u00f6genswerten.<\/p>\n\n\n\n<div class=\"wp-block-group\"><div class=\"wp-block-group__inner-container is-layout-flow wp-block-group-is-layout-flow\">\n<div class=\"wp-block-group has-background\" style=\"background-color:#d2b766\"><div class=\"wp-block-group__inner-container is-layout-flow wp-block-group-is-layout-flow\">\n<p class=\"has-text-align-center has-very-dark-gray-color has-text-color\"><strong>Lassen Sie Gavel reisen <\/strong><\/p>\n\n\n\n<div class=\"wp-block-columns is-layout-flex wp-container-core-columns-is-layout-9d6595d7 wp-block-columns-is-layout-flex\">\n<div class=\"wp-block-column is-layout-flow wp-block-column-is-layout-flow\">\n<p class=\"has-text-align-left\">Denis ist ein preisgekr\u00f6nter Auktionator mit rund 20 Jahren Erfahrung im Verkauf aller Arten von Verm\u00f6genswerten. Zunehmend wird Denis weltweit als \u201eAnlaufstelle\u201c f\u00fcr internationale Auktionen aller Arten von Auktionen bekannt, einschlie\u00dflich Benefit-Auktionen, Oldtimer-Auktionen, Auktionen f\u00fcr schwere Anlagen und Maschinen, Elite-Blutbestands- und Viehauktionen, und hat Auktionen in Kuwait, Dubai, durchgef\u00fchrt , Gro\u00dfbritannien, Deutschland, Spanien und die Philippinen.<\/p>\n<\/div>\n\n\n\n<div class=\"wp-block-column is-layout-flow wp-block-column-is-layout-flow\">\n<div class=\"wp-block-image\"><figure class=\"aligncenter size-medium\"><img loading=\"lazy\" decoding=\"async\" width=\"300\" height=\"300\" src=\"https:\/\/denisbarrett.com\/wp-content\/uploads\/2019\/11\/denis_barrett-300x300.png\" alt=\"\" class=\"wp-image-1313\" srcset=\"https:\/\/denisbarrett.com\/wp-content\/uploads\/2019\/11\/denis_barrett-300x300.png 300w, https:\/\/denisbarrett.com\/wp-content\/uploads\/2019\/11\/denis_barrett-150x150.png 150w, https:\/\/denisbarrett.com\/wp-content\/uploads\/2019\/11\/denis_barrett.png 600w\" sizes=\"(max-width: 300px) 100vw, 300px\" \/><\/figure><\/div>\n\n\n\n<p><\/p>\n<\/div>\n<\/div>\n<\/div><\/div>\n<\/div><\/div>\n\n\n\n<p><\/p>\n\n\n\n<p><strong>Wir&nbsp;<\/strong>haben seit unserer Er\u00f6ffnung im Jahr 2003 Ergebnisse geliefert. Unser Ziel ist es, unseren Kunden eine \u00fcberlegene Erfahrung mit enormem Wert zu bieten<\/p>\n\n\n\n<p><strong>Denis Barrett, der Gr\u00fcnder des Unternehmens <\/strong>hat \u00fcber 22 Jahre Erfahrung in der&nbsp;<strong>Auktionsindustrie&nbsp;<\/strong>und hat durchgef\u00fchrt<strong>&nbsp;\u00dcber 1.100 Auktionen weltweit.<\/strong><\/p>\n\n\n\n<p>Um die Vielfalt der Auktionen von Denis A. Barrett Auctions besser zu verstehen, werfen Sie bitte einen Blick auf unseren Auktionskalender, in dem die Namen und Daten aller unserer Verk\u00e4ufe aufgef\u00fchrt sind, und beraten Sie, wie Sie einen Katalog anfordern oder herunterladen k\u00f6nnen.<\/p>\n\n\n\n<figure class=\"wp-block-image size-large\"><img loading=\"lazy\" decoding=\"async\" width=\"1024\" height=\"134\" src=\"https:\/\/denisbarrett.com\/wp-content\/uploads\/2019\/09\/Logo-Jpeg-1024x134.jpg\" alt=\"\" class=\"wp-image-1229\"\/><\/figure>\n\n\n\n<h3 class=\"has-text-align-center wp-block-heading\"><strong>Kontaktiere uns<\/strong>:<\/h3>\n\n\n\n<p class=\"has-text-align-center\">Rufen Sie an: +353 (0) 86 410 9848<\/p>\n\n\n\n<p class=\"has-text-align-center\">Email:&nbsp;<a href=\"mailto:info@denisbarrett.com\">info@denisbarrett.com<\/a>&nbsp;<\/p>\n\n\n\n<p class=\"has-text-align-center\">Sie k\u00f6nnen auch \u00fcber in Kontakt bleiben&nbsp;<a href=\"https:\/\/ie.linkedin.com\/in\/denis-barrett-05675213\">LinkedIn<\/a>,&nbsp;<a href=\"https:\/\/www.facebook.com\/DenisBarrettAuctioneers\/?ref=bookmarks\">Facebook<\/a>&nbsp;und&nbsp;<a href=\"https:\/\/twitter.com\/DenisABarrett\">Twitter<\/a>.<\/p>","protected":false},"excerpt":{"rendered":"<p>Auctioneering is at the very heart of Denis A. Barrett Auctions. The firm has an unwavering passion for the Public Auction Method of Marketing. Our team handle a wide variety of auctions across every sector of our business. This includes livestock auctions, collective machinery sales, on-site dispersal sales, surplus stock auctions and collective property and [&hellip;]<\/p>\n","protected":false},"author":1,"featured_media":0,"parent":0,"menu_order":0,"comment_status":"closed","ping_status":"closed","template":"","meta":{"_et_pb_use_builder":"","_et_pb_old_content":"","_et_gb_content_width":"1080","footnotes":""},"class_list":["post-2026","page","type-page","status-publish","hentry"],"brizy_media":[],"_links":{"self":[{"href":"https:\/\/denisbarrett.com\/de\/wp-json\/wp\/v2\/pages\/2026","targetHints":{"allow":["GET"]}}],"collection":[{"href":"https:\/\/denisbarrett.com\/de\/wp-json\/wp\/v2\/pages"}],"about":[{"href":"https:\/\/denisbarrett.com\/de\/wp-json\/wp\/v2\/types\/page"}],"author":[{"embeddable":true,"href":"https:\/\/denisbarrett.com\/de\/wp-json\/wp\/v2\/users\/1"}],"replies":[{"embeddable":true,"href":"https:\/\/denisbarrett.com\/de\/wp-json\/wp\/v2\/comments?post=2026"}],"version-history":[{"count":4,"href":"https:\/\/denisbarrett.com\/de\/wp-json\/wp\/v2\/pages\/2026\/revisions"}],"predecessor-version":[{"id":3693,"href":"https:\/\/denisbarrett.com\/de\/wp-json\/wp\/v2\/pages\/2026\/revisions\/3693"}],"wp:attachment":[{"href":"https:\/\/denisbarrett.com\/de\/wp-json\/wp\/v2\/media?parent=2026"}],"curies":[{"name":"wp","href":"https:\/\/api.w.org\/{rel}","templated":true}]}}