{"id":1786,"date":"2020-04-15T13:55:18","date_gmt":"2020-04-15T12:55:18","guid":{"rendered":"https:\/\/denisbarrett.com\/?page_id=1786"},"modified":"2020-04-17T12:42:04","modified_gmt":"2020-04-17T11:42:04","slug":"have-gavel-will-travel","status":"publish","type":"page","link":"https:\/\/denisbarrett.com\/de\/have-gavel-will-travel\/","title":{"rendered":"Hammer haben \u2013 wird reisen"},"content":{"rendered":"<p>Denis ist ein preisgekr\u00f6nter Auktionator mit rund 20 Jahren Erfahrung im Verkauf aller Arten von Verm\u00f6genswerten. Zunehmend wird Denis weltweit als &quot;Anlaufstelle&quot; f\u00fcr internationale Auktionen aller Arten von Auktionen bekannt, einschlie\u00dflich Benefit-Auktionen, Oldtimer-Auktionen, Auktionen f\u00fcr schwere Anlagen und Maschinen, Elite-Blutbestands- und Viehauktionen, und hat Auktionen in Dubai durchgef\u00fchrt Gro\u00dfbritannien, Deutschland, Spanien und die Philippinen.<\/p>\n\n\n\n<figure class=\"wp-block-image size-large\"><img loading=\"lazy\" decoding=\"async\" width=\"1024\" height=\"682\" src=\"https:\/\/denisbarrett.com\/wp-content\/uploads\/2020\/04\/59e375ec-1f0d-4a4d-9eaf-e74ab9de16bb-1024x682.jpg\" alt=\"\" class=\"wp-image-2114\" srcset=\"https:\/\/denisbarrett.com\/wp-content\/uploads\/2020\/04\/59e375ec-1f0d-4a4d-9eaf-e74ab9de16bb-1024x682.jpg 1024w, https:\/\/denisbarrett.com\/wp-content\/uploads\/2020\/04\/59e375ec-1f0d-4a4d-9eaf-e74ab9de16bb-300x200.jpg 300w, https:\/\/denisbarrett.com\/wp-content\/uploads\/2020\/04\/59e375ec-1f0d-4a4d-9eaf-e74ab9de16bb-768x512.jpg 768w, https:\/\/denisbarrett.com\/wp-content\/uploads\/2020\/04\/59e375ec-1f0d-4a4d-9eaf-e74ab9de16bb-1536x1023.jpg 1536w, https:\/\/denisbarrett.com\/wp-content\/uploads\/2020\/04\/59e375ec-1f0d-4a4d-9eaf-e74ab9de16bb.jpg 1600w\" sizes=\"(max-width: 1024px) 100vw, 1024px\" \/><\/figure>\n\n\n\n<p>Denis wird st\u00e4ndig als \u201elebendig\u201c und als \u201eAuktionsmeister\u201c bezeichnet und beleuchtet die Menge mit seiner positiven Energie, seiner Genauigkeit und seiner F\u00e4higkeit, das Publikum, ob gro\u00df oder klein, vollst\u00e4ndig zu besch\u00e4ftigen.<\/p>\n\n\n\n<p>Er passt seine Dienstleistungen an die Bed\u00fcrfnisse Ihres Unternehmens an und stellt sicher, dass Ihre Auktionspr\u00e4sentation genau das ist, was Sie sich gew\u00fcnscht haben. M\u00f6chten Sie Denis zu Ihrem Auktionsteam hinzuf\u00fcgen?<\/p>\n\n\n\n<p class=\"has-text-align-center\"><a href=\"https:\/\/denisbarrett.com\/de\/contract-auctioneer\/\">Mehr zu Vertragsauktionen:<\/a><\/p>\n\n\n\n<figure class=\"wp-block-image size-large\"><img loading=\"lazy\" decoding=\"async\" width=\"1024\" height=\"683\" src=\"https:\/\/denisbarrett.com\/wp-content\/uploads\/2020\/03\/HeavyEquipmentAuctioneer-1024x683.jpg\" alt=\"\" class=\"wp-image-1595\" srcset=\"https:\/\/denisbarrett.com\/wp-content\/uploads\/2020\/03\/HeavyEquipmentAuctioneer-1024x683.jpg 1024w, https:\/\/denisbarrett.com\/wp-content\/uploads\/2020\/03\/HeavyEquipmentAuctioneer-300x200.jpg 300w, https:\/\/denisbarrett.com\/wp-content\/uploads\/2020\/03\/HeavyEquipmentAuctioneer-768x512.jpg 768w, https:\/\/denisbarrett.com\/wp-content\/uploads\/2020\/03\/HeavyEquipmentAuctioneer-1536x1024.jpg 1536w, https:\/\/denisbarrett.com\/wp-content\/uploads\/2020\/03\/HeavyEquipmentAuctioneer-2048x1365.jpg 2048w, https:\/\/denisbarrett.com\/wp-content\/uploads\/2020\/03\/HeavyEquipmentAuctioneer-1600x1067.jpg 1600w\" sizes=\"(max-width: 1024px) 100vw, 1024px\" \/><\/figure>\n\n\n\n<div class=\"wp-block-image\"><figure class=\"aligncenter size-large\"><img loading=\"lazy\" decoding=\"async\" width=\"1024\" height=\"134\" src=\"https:\/\/denisbarrett.com\/wp-content\/uploads\/2019\/09\/Logo-Jpeg-1024x134.jpg\" alt=\"\" class=\"wp-image-1229\"\/><\/figure><\/div>\n\n\n\n<p class=\"has-text-align-center\"><strong>Kontaktiere uns:<\/strong><\/p>\n\n\n\n<p class=\"has-text-align-center\">Rufen Sie an: +353 (0) 86 410 9848<\/p>\n\n\n\n<p class=\"has-text-align-center\">Email:&nbsp;<a href=\"mailto:info@denisbarrett.com\">info@denisbarrett.com<\/a><\/p>\n\n\n\n<p class=\"has-text-align-center\">Sie k\u00f6nnen auch \u00fcber in Kontakt bleiben\u00a0<a rel=\"noreferrer noopener\" href=\"https:\/\/ie.linkedin.com\/in\/denis-barrett-05675213\" target=\"_blank\">LinkedIn<\/a>,\u00a0<a rel=\"noreferrer noopener\" href=\"https:\/\/www.facebook.com\/denis.barrett\" target=\"_blank\">Facebook<\/a>\u00a0und\u00a0<a rel=\"noreferrer noopener\" href=\"https:\/\/twitter.com\/DenisABarrett\" target=\"_blank\">Twitter.<\/a><\/p>","protected":false},"excerpt":{"rendered":"<p>Denis is an award-winning master Auctioneer, with some 20 years of experience selling all types of assets. Increasingly Denis is becoming known as the \u2018go-to\u2019 International Auctioneer around the world all types of auctions including, Benefit Auctions, Classic Car Auctions, Heavy Plant and Machinery Auctions, Elite Bloodstock &amp; Livestock Auctions, and has conducted Auctions in [&hellip;]<\/p>\n","protected":false},"author":1,"featured_media":0,"parent":0,"menu_order":0,"comment_status":"closed","ping_status":"closed","template":"","meta":{"_et_pb_use_builder":"on","_et_pb_old_content":"<!-- wp:heading {\"level\":3} -->\n<h3>Have Gavel Will Travel<\/h3>\n<!-- \/wp:heading -->\n\n<!-- wp:paragraph -->\n<p>Denis is an award-winning master Auctioneer, with some 20 years of experience selling all types of assets. Increasingly Denis is becoming known as the \u2018go-to\u2019 International Auctioneer around the world all types of auctions including, Benefit Auctions, Classic Car Auctions, Heavy Plant and Machinery Auctions, Elite Bloodstock &amp; Livestock Auctions, and has conducted Auctions in Dubai, The UK, Germany, Spain and The Philippines.<\/p>\n<!-- \/wp:paragraph -->\n\n<!-- wp:paragraph -->\n<p>Constantly referred to as \u201cvibrant\u201d and a \u201cmaster auctioneer\u201d, Denis lights up the crowd with his positive energy, his accuracy and his ability to keep the audience whether large or small, completely engaged.<\/p>\n<!-- \/wp:paragraph -->\n\n<!-- wp:paragraph -->\n<p>He will tailor his services to meet your organization\u2019s needs ensuring your auction presentation is everything you wanted it to be. Interested in adding Denis to your auction team? Contact him.<\/p>\n<!-- \/wp:paragraph -->\n\n<!-- wp:paragraph -->\n<p>Contact Us on<\/p>\n<!-- \/wp:paragraph -->\n\n<!-- wp:paragraph -->\n<p>Email:&nbsp;<a href=\"mailto:info@denisbarrett.com\">info@denisbarrett.com<\/a>&nbsp;or Call:&nbsp;&nbsp;&nbsp; +353 (0) 86 410 9848<\/p>\n<!-- \/wp:paragraph -->\n\n<!-- wp:paragraph -->\n<p><a href=\"https:\/\/denisbarrett.com\/contract-auctioneer\/\">More on Contract Auctions:<\/a> <\/p>\n<!-- \/wp:paragraph -->\n\n<!-- wp:paragraph {\"align\":\"center\"} -->\n<p class=\"has-text-align-center\">You can also stay in touch via&nbsp;<a rel=\"noreferrer noopener\" href=\"https:\/\/ie.linkedin.com\/in\/denis-barrett-05675213\" target=\"_blank\">LinkedIn<\/a>,&nbsp;<a rel=\"noreferrer noopener\" href=\"https:\/\/www.facebook.com\/denis.barrett\" target=\"_blank\">Facebook<\/a>&nbsp;and&nbsp;<a rel=\"noreferrer noopener\" href=\"https:\/\/twitter.com\/DenisABarrett\" target=\"_blank\">Twitter.<\/a><\/p>\n<!-- \/wp:paragraph -->","_et_gb_content_width":"","footnotes":""},"class_list":["post-1786","page","type-page","status-publish","hentry"],"brizy_media":[],"_links":{"self":[{"href":"https:\/\/denisbarrett.com\/de\/wp-json\/wp\/v2\/pages\/1786","targetHints":{"allow":["GET"]}}],"collection":[{"href":"https:\/\/denisbarrett.com\/de\/wp-json\/wp\/v2\/pages"}],"about":[{"href":"https:\/\/denisbarrett.com\/de\/wp-json\/wp\/v2\/types\/page"}],"author":[{"embeddable":true,"href":"https:\/\/denisbarrett.com\/de\/wp-json\/wp\/v2\/users\/1"}],"replies":[{"embeddable":true,"href":"https:\/\/denisbarrett.com\/de\/wp-json\/wp\/v2\/comments?post=1786"}],"version-history":[{"count":4,"href":"https:\/\/denisbarrett.com\/de\/wp-json\/wp\/v2\/pages\/1786\/revisions"}],"predecessor-version":[{"id":2115,"href":"https:\/\/denisbarrett.com\/de\/wp-json\/wp\/v2\/pages\/1786\/revisions\/2115"}],"wp:attachment":[{"href":"https:\/\/denisbarrett.com\/de\/wp-json\/wp\/v2\/media?parent=1786"}],"curies":[{"name":"wp","href":"https:\/\/api.w.org\/{rel}","templated":true}]}}