{"id":1711,"date":"2020-04-07T18:39:59","date_gmt":"2020-04-07T17:39:59","guid":{"rendered":"https:\/\/denisbarrett.com\/?page_id=1711"},"modified":"2020-12-19T20:15:05","modified_gmt":"2020-12-19T20:15:05","slug":"a-sustainable-method-of-clearance","status":"publish","type":"page","link":"https:\/\/denisbarrett.com\/de\/a-sustainable-method-of-clearance\/","title":{"rendered":"Eine nachhaltige Clearance-Methode:"},"content":{"rendered":"<p>Die Entsorgung und Umschichtung von Verm\u00f6genswerten kostet Unternehmen erhebliche Einnahmen, Zeit und Ressourcen. Oft sind die Prozesse zum Umgang mit diesen \u00fcbersch\u00fcssigen Verm\u00f6genswerten fragmentiert, nicht transparent und werden mit unterschiedlichem Erfolg ausgef\u00fchrt. Hier bei Denis A. Barrett Auctions &amp; Dabbid.com k\u00f6nnen wir das gesamte Problem mit \u00fcbersch\u00fcssigen Verm\u00f6genswerten l\u00f6sen, indem wir in Ihrem Namen den maximalen Umsatz f\u00fcr jeden Verm\u00f6genswert erzielen, um einen Rabatt auf die erzielten Einnahmen zu erhalten. Vor allem aber arbeiten wir ganzheitlich, um erhebliche Kosteneinsparungen zu erzielen und den zus\u00e4tzlichen Vorteil zu haben, Unternehmen bei der Erreichung der Ziele f\u00fcr soziale Verantwortung und Nachhaltigkeit von Unternehmen zu unterst\u00fctzen.<\/p>\n\n\n\n<p>VERWENDUNG VON VERM\u00d6GENSWERTEN \u00dcBER \u00d6FFENTLICHE AUKTIONEN<\/p>\n\n\n\n<p>Verm\u00f6genswerte werden aus einer Reihe von Gr\u00fcnden innerhalb von Organisationen \u00fcbersch\u00fcssig, nicht unbedingt, weil sie nicht mehr verwendet werden k\u00f6nnen. Der Verkauf Ihrer Verm\u00f6genswerte \u00fcber eine Auktion bietet ihnen ein neues Leben, sodass sie wiederverwendet werden k\u00f6nnen, anstatt dass sie zu M\u00fcll werden, und unterst\u00fctzt die Nachhaltigkeitsziele.<\/p>\n\n\n\n<p>Wir helfen Ihnen, gut zu tun<\/p>\n\n\n\n<p>Was bei der \u00dcberlegung, Verm\u00f6genswerte \u00fcber eine Auktion zu verkaufen, sofort in den Sinn kommt, sind die erzielten Einnahmen. Tats\u00e4chlich bietet der Verkauf mit Denis A. Barrett Auctions und Dabbid.com \u00fcber eine Auktion so viel mehr als nur eine schnelle finanzielle Aufwertung.<\/p>\n\n\n\n<p>In Zusammenarbeit mit vielen gro\u00dfen Organisationen erkennen wir an, wie wichtig es ist, jeder Partnerschaft einen Mehrwert zu verleihen. Die Zusammenarbeit mit uns, um Ihre \u00fcbersch\u00fcssigen Verm\u00f6genswerte zu ver\u00e4u\u00dfern, erg\u00e4nzt Ihre Nachhaltigkeitsziele.<\/p>\n\n\n\n<p>Denis a. Barrett Auctions &amp; Dabbid.com legen Wert auf Effizienz und Nachhaltigkeit. Wir bem\u00fchen uns, die Auswirkungen auf die Umwelt zu minimieren, unseren CO2-Fu\u00dfabdruck zu ber\u00fccksichtigen und die Effizienz bei der Lagerung und dem Transport von Verm\u00f6genswerten sicherzustellen. Wir k\u00f6nnen Ihnen helfen, die sozialen, \u00f6kologischen und wirtschaftlichen Auswirkungen des Entsorgungsprozesses verantwortungsbewusst zu bew\u00e4ltigen, indem wir:<\/p>\n\n\n\n<p>Bietet eine bew\u00e4hrte Methode zur Ableitung von Abf\u00e4llen von M\u00fclldeponien und zur Versorgung einer Reihe nachgeschalteter Lieferketten<\/p>\n\n\n\n<p>Unterst\u00fctzung beim Wachstum lokaler und globaler Gesch\u00e4ftsgemeinschaften<\/p>\n\n\n\n<p>Unterst\u00fctzung von Unternehmensgr\u00fcndungen<\/p>\n\n\n\n<p>Unterst\u00fctzung von Gemeindegruppen, Sozialunternehmen und Wohlt\u00e4tigkeitsorganisationen<\/p>\n\n\n\n<p>W\u00e4hrend Sie das nicht realisierte Kapital in Ihrem Verm\u00f6gen zur\u00fcckgeben.<\/p>\n\n\n\n<p>Gleichzeitig unterst\u00fctzen sie Organisationen bei der Erreichung ihrer Ziele in Bezug auf soziale Verantwortung und Nachhaltigkeit.<\/p>\n\n\n\n<p>Sie finden nicht, was Sie wollen? Erreichen Sie direkt \u00fcber unsere&nbsp;<a href=\"https:\/\/denisbarrett.com\/de\/contact-us\/\">Kontaktiere uns<\/a>&nbsp;Seite oder Kontaktieren Sie uns vertraulich, um Ihre strategischen Anforderungen an Restrukturierung und Unternehmenswiederherstellung zu besprechen.<\/p>\n\n\n\n<p>Dann vereinbaren Sie einen Termin mit uns&nbsp;<a href=\"https:\/\/denisbarrett.com\/de\/contact-us\/\">Melde dich<\/a>! oder warum nicht anrufen, +353 (0) 86 410 9848<\/p>\n\n\n\n<p>Sie k\u00f6nnen auch \u00fcber in Kontakt bleiben&nbsp;<a href=\"https:\/\/ie.linkedin.com\/in\/denis-barrett-05675213\">LinkedIn<\/a>,&nbsp;<a href=\"https:\/\/www.facebook.com\/DabbidOnlineAuctions\/\">Facebook<\/a>&nbsp;und&nbsp;<a href=\"https:\/\/twitter.com\/dabbidauction\">Twitter<\/a>.<\/p>\n\n\n\n<p class=\"has-text-align-center\"><a href=\"https:\/\/denisbarrett.com\/de\/further-information\/\">Zur\u00fcck zur Seite mit weiteren Informationen:<\/a><\/p>","protected":false},"excerpt":{"rendered":"<p>Asset disposal and redeployment costs organisations significant revenue, time, and resource. Often the processes for dealing with these surplus assets are fragmented, non-transparent and are executed with varying degrees of success. Here at Denis A. Barrett Auctions &amp; Dabbid.com, we can resolve the entire surplus asset problem by selling on your behalf driving maximum revenue [&hellip;]<\/p>\n","protected":false},"author":1,"featured_media":0,"parent":0,"menu_order":0,"comment_status":"closed","ping_status":"closed","template":"","meta":{"_et_pb_use_builder":"","_et_pb_old_content":"","_et_gb_content_width":"1080","footnotes":""},"class_list":["post-1711","page","type-page","status-publish","hentry"],"brizy_media":[],"_links":{"self":[{"href":"https:\/\/denisbarrett.com\/de\/wp-json\/wp\/v2\/pages\/1711","targetHints":{"allow":["GET"]}}],"collection":[{"href":"https:\/\/denisbarrett.com\/de\/wp-json\/wp\/v2\/pages"}],"about":[{"href":"https:\/\/denisbarrett.com\/de\/wp-json\/wp\/v2\/types\/page"}],"author":[{"embeddable":true,"href":"https:\/\/denisbarrett.com\/de\/wp-json\/wp\/v2\/users\/1"}],"replies":[{"embeddable":true,"href":"https:\/\/denisbarrett.com\/de\/wp-json\/wp\/v2\/comments?post=1711"}],"version-history":[{"count":4,"href":"https:\/\/denisbarrett.com\/de\/wp-json\/wp\/v2\/pages\/1711\/revisions"}],"predecessor-version":[{"id":1802,"href":"https:\/\/denisbarrett.com\/de\/wp-json\/wp\/v2\/pages\/1711\/revisions\/1802"}],"wp:attachment":[{"href":"https:\/\/denisbarrett.com\/de\/wp-json\/wp\/v2\/media?parent=1711"}],"curies":[{"name":"wp","href":"https:\/\/api.w.org\/{rel}","templated":true}]}}