{"id":1342,"date":"2019-11-17T15:57:27","date_gmt":"2019-11-17T15:57:27","guid":{"rendered":"https:\/\/denisbarrett.com\/?page_id=1342"},"modified":"2020-12-19T20:20:19","modified_gmt":"2020-12-19T20:20:19","slug":"the-barrett-advantage","status":"publish","type":"page","link":"https:\/\/denisbarrett.com\/de\/the-barrett-advantage\/","title":{"rendered":"Der Barrett-Vorteil"},"content":{"rendered":"<p><strong>&quot;VERSTEIGERUNG&quot;<\/strong>&nbsp;ist ein anregendes Wort. Kein Wort ist gleichbedeutend mit seiner F\u00e4higkeit, ernsthafte K\u00e4ufer sofort mit Geld in der Hand zu produzieren.<\/p>\n\n\n\n<ul class=\"wp-block-list\"><li><strong>Auktionen sind keine Notverk\u00e4ufe.<\/strong>&nbsp;Auktionen sind eine bew\u00e4hrte Technik f\u00fcr den Verkauf von Immobilien in einem komprimierten Zeitrahmen zum tats\u00e4chlichen Marktwert.&nbsp;<\/li><li><strong>Auktionen haben eine reiche Erfolgsgeschichte, die sich \u00fcber 3 Jahrhunderte erstreckt.<\/strong>&nbsp;Immobilien im Wert von \u00fcber 150 Milliarden Euro werden jedes Jahr weltweit \u00fcber die Auktionsmethode des Marketings verkauft.<\/li><\/ul>\n\n\n\n<p>Die Denis A. Barrett Auktions- und Immobilienmarketinggruppe mit \u00fcber 2 Jahrzehnten Auktions\u00fcberlegenheit und Erfahrung in \u00fcber 1200 \u00f6ffentlichen Auktionen ist ein Synonym f\u00fcr Exzellenz und Erfolg bei der Versteigerung und dem Verkauf von Auktionen aller Arten von Verm\u00f6genswerten. <\/p>\n\n\n\n<p><strong>Progressive Verk\u00e4ufer suchen uns auf, weil <\/strong>Denis A. Barrett Auktions- und Immobilienmarketinggruppe<strong>&#039;s Auktionen ARBEITEN !! Warum?<\/strong><\/p>\n\n\n\n<ol class=\"wp-block-list\"><li>Beispielloser Service, Fachwissen und Sorgfalt<\/li><li>Service mit Klasse, W\u00fcrde, Integrit\u00e4t und Professionalit\u00e4t<\/li><li>Die preisgekr\u00f6nte Marketingkompetenz unseres Unternehmens (\u00fcber 5.000 K\u00e4ufer besuchen monatlich unsere Website!) Gew\u00e4hrleistet vollst\u00e4ndig individualisierte, hoch strukturierte Werbeprogramme, die den Markt s\u00e4ttigen (lasergesteuerte Social-Media-Kampagnen, hochproduktive und zielgerichtete Google-Ad-Word-Kampagnen, Pressemitteilungen) , digitales Marketing, Printmedien, Beschilderung, Fernsehen, gezielte E-Mail-Explosionen usw.).<\/li><li>Eng gestaltete Vertr\u00e4ge, die auf den Abschluss ausgerichtet sind und einer Abschlussrate von nahezu 100% entsprechen.<\/li><li>Unsere Struktur erm\u00f6glicht Ihnen als Verk\u00e4ufer die vollst\u00e4ndige Kontrolle \u00fcber die gesamte Transaktion.<\/li><\/ol>\n\n\n\n<p>Ganz einfach, die Denis A. Barrett Auktions- und Immobilienmarketinggruppe hat einwandfreie Standards und den Ruf f\u00fcr hervorragende Leistungen. Wir produzieren aufregende Veranstaltungen, bei denen Bieter wettbewerbsf\u00e4hig bieten, um Ihre Immobilie zu kaufen.<\/p>\n\n\n\n<p>ZUFRIEDENE KUNDEN sind ein direktes Ergebnis unseres Engagements f\u00fcr EXZELLENZ.<\/p>\n\n\n\n<p>Dies ist unser Versprechen an Sie.<\/p>\n\n\n\n<p>Denis A. Barrett<\/p>\n\n\n\n<p>Inhaber \/ Gesch\u00e4ftsf\u00fchrer <br><\/p>","protected":false},"excerpt":{"rendered":"<p>\u201cAUCTION\u201d&nbsp;is a stimulating word. No word equals its power to instantly produce serious buyers with money in hand. Auctions are not distress sales.&nbsp;Auctions are a proven technique for selling property in a&nbsp;compressed time frame&nbsp;at&nbsp;true market value.&nbsp; Auctions have a rich history of success that spans over 3 centuries.&nbsp;Over \u20ac150 billion of real estate is sold [&hellip;]<\/p>\n","protected":false},"author":1,"featured_media":0,"parent":0,"menu_order":0,"comment_status":"closed","ping_status":"closed","template":"","meta":{"_et_pb_use_builder":"","_et_pb_old_content":"","_et_gb_content_width":"1080","footnotes":""},"class_list":["post-1342","page","type-page","status-publish","hentry"],"brizy_media":[],"_links":{"self":[{"href":"https:\/\/denisbarrett.com\/de\/wp-json\/wp\/v2\/pages\/1342","targetHints":{"allow":["GET"]}}],"collection":[{"href":"https:\/\/denisbarrett.com\/de\/wp-json\/wp\/v2\/pages"}],"about":[{"href":"https:\/\/denisbarrett.com\/de\/wp-json\/wp\/v2\/types\/page"}],"author":[{"embeddable":true,"href":"https:\/\/denisbarrett.com\/de\/wp-json\/wp\/v2\/users\/1"}],"replies":[{"embeddable":true,"href":"https:\/\/denisbarrett.com\/de\/wp-json\/wp\/v2\/comments?post=1342"}],"version-history":[{"count":2,"href":"https:\/\/denisbarrett.com\/de\/wp-json\/wp\/v2\/pages\/1342\/revisions"}],"predecessor-version":[{"id":1424,"href":"https:\/\/denisbarrett.com\/de\/wp-json\/wp\/v2\/pages\/1342\/revisions\/1424"}],"wp:attachment":[{"href":"https:\/\/denisbarrett.com\/de\/wp-json\/wp\/v2\/media?parent=1342"}],"curies":[{"name":"wp","href":"https:\/\/api.w.org\/{rel}","templated":true}]}}